{"id":75,"date":"2016-04-20T07:18:35","date_gmt":"2016-04-20T07:18:35","guid":{"rendered":"https:\/\/xml-io.proteusthemes.com\/bolts\/?page_id=75"},"modified":"2018-04-22T15:41:48","modified_gmt":"2018-04-22T12:41:48","slug":"projelendirme","status":"publish","type":"page","link":"https:\/\/kalemdarogluinsaat.com\/?page_id=75","title":{"rendered":"Projelendirme"},"content":{"rendered":"<div id=\"pl-75\"  class=\"panel-layout\" ><div id=\"pg-75-0\"  class=\"panel-grid panel-no-style\" ><div id=\"pgc-75-0-0\"  class=\"panel-grid-cell\" ><div id=\"panel-75-0-0-0\" class=\"so-panel widget widget_sow-editor panel-first-child panel-last-child\" data-index=\"0\" ><div\n\t\t\t\n\t\t\tclass=\"so-widget-sow-editor so-widget-sow-editor-base\"\n\t\t\t\n\t\t>\n<div class=\"siteorigin-widget-tinymce textwidget\">\n\t<p><img loading=\"lazy\" decoding=\"async\" class=\"alignnone wp-image-1163 size-full\" src=\"https:\/\/kalemdarogluinsaat.com\/wp-content\/uploads\/2018\/04\/A3-1.jpg\" alt=\"\" width=\"900\" height=\"601\" srcset=\"https:\/\/kalemdarogluinsaat.com\/wp-content\/uploads\/2018\/04\/A3-1.jpg 900w, https:\/\/kalemdarogluinsaat.com\/wp-content\/uploads\/2018\/04\/A3-1-300x200.jpg 300w, https:\/\/kalemdarogluinsaat.com\/wp-content\/uploads\/2018\/04\/A3-1-768x513.jpg 768w, https:\/\/kalemdarogluinsaat.com\/wp-content\/uploads\/2018\/04\/A3-1-540x361.jpg 540w, https:\/\/kalemdarogluinsaat.com\/wp-content\/uploads\/2018\/04\/A3-1-600x401.jpg 600w, https:\/\/kalemdarogluinsaat.com\/wp-content\/uploads\/2018\/04\/A3-1-272x182.jpg 272w\" sizes=\"auto, (max-width: 900px) 100vw, 900px\" \/><\/p>\n<\/div>\n<\/div><\/div><\/div><div id=\"pgc-75-0-1\"  class=\"panel-grid-cell\" ><div id=\"panel-75-0-1-0\" class=\"so-panel widget widget_sow-editor panel-first-child panel-last-child\" data-index=\"1\" ><div\n\t\t\t\n\t\t\tclass=\"so-widget-sow-editor so-widget-sow-editor-base\"\n\t\t\t\n\t\t>\n<div class=\"siteorigin-widget-tinymce textwidget\">\n\t<p><img loading=\"lazy\" decoding=\"async\" class=\"alignnone size-full wp-image-1164\" src=\"https:\/\/kalemdarogluinsaat.com\/wp-content\/uploads\/2018\/04\/x1-1.jpg\" alt=\"\" width=\"900\" height=\"601\" srcset=\"https:\/\/kalemdarogluinsaat.com\/wp-content\/uploads\/2018\/04\/x1-1.jpg 900w, https:\/\/kalemdarogluinsaat.com\/wp-content\/uploads\/2018\/04\/x1-1-300x200.jpg 300w, https:\/\/kalemdarogluinsaat.com\/wp-content\/uploads\/2018\/04\/x1-1-768x513.jpg 768w, https:\/\/kalemdarogluinsaat.com\/wp-content\/uploads\/2018\/04\/x1-1-540x361.jpg 540w, https:\/\/kalemdarogluinsaat.com\/wp-content\/uploads\/2018\/04\/x1-1-600x401.jpg 600w, https:\/\/kalemdarogluinsaat.com\/wp-content\/uploads\/2018\/04\/x1-1-272x182.jpg 272w\" sizes=\"auto, (max-width: 900px) 100vw, 900px\" \/><\/p>\n<\/div>\n<\/div><\/div><\/div><\/div><div id=\"pg-75-1\"  class=\"panel-grid panel-no-style\" ><div id=\"pgc-75-1-0\"  class=\"panel-grid-cell\" ><div id=\"panel-75-1-0-0\" class=\"so-panel widget widget_pw_brochure_box widget-brochure-box panel-first-child panel-last-child\" data-index=\"2\" >\n\t<a class=\"brochure-box\" href=\"\" target=\"_self\">\n\t\t<span class=\"brochure-box__icon\"><i class=\"fa  fa-flash\"><\/i><\/span>\n\t\t<h5 class=\"brochure-box__text\">M\u0130MAR\u0130 PROJELEND\u0130RME<\/h5>\n\t<\/a>\n\n<\/div><\/div><div id=\"pgc-75-1-1\"  class=\"panel-grid-cell\" ><div id=\"panel-75-1-1-0\" class=\"so-panel widget widget_pw_brochure_box widget-brochure-box panel-first-child panel-last-child\" data-index=\"3\" >\n\t<a class=\"brochure-box\" href=\"\" target=\"_self\">\n\t\t<span class=\"brochure-box__icon\"><i class=\"fa  fa-check\"><\/i><\/span>\n\t\t<h5 class=\"brochure-box__text\">UYGULAMA<\/h5>\n\t<\/a>\n\n<\/div><\/div><\/div><div id=\"pg-75-2\"  class=\"panel-grid panel-no-style\" ><div id=\"pgc-75-2-0\"  class=\"panel-grid-cell\" ><div id=\"panel-75-2-0-0\" class=\"so-panel widget widget_sow-editor panel-first-child panel-last-child\" data-index=\"4\" ><div\n\t\t\t\n\t\t\tclass=\"so-widget-sow-editor so-widget-sow-editor-base\"\n\t\t\t\n\t\t>\n<div class=\"siteorigin-widget-tinymce textwidget\">\n\t<p align=\"left\"><strong>\u0130N\u015eAAT \u00d6NCES\u0130 M\u0130MAR\u0130 PROJEN\u0130N HAZIRLANMASI :<\/strong><\/p>\n<p align=\"left\">\u00a0\u0130n\u015faat \u00f6ncesinde mimari projelerde in\u015faat hakk\u0131nda bilgilerin al\u0131nmas\u0131 gereklidir. \u0130n\u015faat \u00f6ncesi proje et\u00fct \u00e7al\u0131\u015fmas\u0131 3 madde de incelenmektedir.<\/p>\n<p align=\"left\">1. Ara\u015ft\u0131rma<br \/>\n2. \u0130nceleme<br \/>\n3. Projelendirmea\u015famas\u0131 ile birlikte bina hakk\u0131nda uyulmas\u0131 gereken kurallar\u0131 belirler.<\/p>\n<p align=\"left\"><strong>1.ARA\u015eTIRMA : \u00a0<\/strong><\/p>\n<p align=\"left\">1.A. \u0130mar Durumu :\u00a0Yap\u0131n\u0131n \u015fehir imar plan\u0131 y\u00f6netmeli\u011fi ve imar kanununa g\u00f6re nas\u0131l yap\u0131lca\u011f\u0131n\u0131 ifade eden ( \u0130mar Durumu Belgesi ) belgedir. Belediye s\u0131n\u0131rlar\u0131 i\u00e7inde olsun yada olmas\u0131n iste\u011fe g\u00f6re yap\u0131lamaz. Yap\u0131n\u0131n kat say\u0131s\u0131, \u00f6l\u00e7e\u011fi, yoldan \u00e7ekme mesafesi, yap\u0131 nizam\u0131 ( biti\u015fik-ayr\u0131k-blok ) hakk\u0131nda bilgiler imar durumu ile belirlenir. \u0130mar durumu arsa arsa belediye s\u0131n\u0131rlar\u0131 dahilinde ise belediyeye dilek\u00e7e ile m\u00fcracaat edilir. Dilek\u00e7e verilmesiile konu hakk\u0131nda bilgiler al\u0131n\u0131r. Arsa imar plan\u0131 haricinde ise imar yasas\u0131na g\u00f6re yap\u0131m\u0131na ba\u015flan\u0131r.<\/p>\n<p align=\"left\"><strong>2. \u0130NCELEME :<\/strong><\/p>\n<p align=\"left\">Arsa \u00fczerinde yap\u0131lmas\u0131 gereken incelemedir. Arsan\u0131n yeri \u2013 konumu, jeolojik bilgiler, topografik durum, y\u00f6n belirlemesi, iklim, b\u00f6lgeye ait kullan\u0131lan malzeme hakk\u0131nda bilgilerin incelenmesidir.Bu bilgiler \u00f6nemli olup, projelendirme bu bilgilere g\u00f6re haz\u0131rlanacakt\u0131r.<\/p>\n<p align=\"left\"><strong>3. PROJELEND\u0130RME :<\/strong><\/p>\n<p align=\"left\">Ara\u015ft\u0131rma ve inceleme raporlar\u0131 haz\u0131rland\u0131ktan sonra proje et\u00fct \u00e7al\u0131\u015fmas\u0131 yap\u0131l\u0131r.\u00d6n taslak ( karalama ) \u00fczerinde belirlenir ve geli\u015ftirilir.Haz\u0131rlanan \u00f6n taslak \u00e7al\u0131\u015fmas\u0131na g\u00f6re vaziyet plan\u0131 haz\u0131rlan\u0131r. Fonksiyonlar\u0131na g\u00f6re \u00f6n taslak planlar\u0131 olu\u015ftuk\u00e7a g\u00f6r\u00fcn\u00fc\u015f ve kesit a\u015famas\u0131na ge\u00e7ilir.Yap\u0131lan t\u00fcm detay taslak a\u015famalar\u0131n\u0131n belirlenmesi ve kesin taslak olu\u015funca, detayland\u0131rma projesi ile birlikte projelendirme de bitmi\u015f olur. Projelendirme i\u00e7in, bina bilgileri yan\u0131nda malzeme, statik gibi teknik bilgilere de sahip olunmas\u0131 gereklidir.Olu\u015fturulan t\u00fcm teknik bilgiler ile fonksiyonel, uygulanabilir, amac\u0131na uygun bir binaya ait in\u015faat bilgisi kesinlik kazan\u0131r.<\/p>\n<\/div>\n<\/div><\/div><\/div><\/div><\/div>","protected":false},"excerpt":{"rendered":"<p>Estetik ve Fonksiyonel.<\/p>\n","protected":false},"author":1,"featured_media":1163,"parent":25,"menu_order":0,"comment_status":"closed","ping_status":"closed","template":"","meta":{"footnotes":""},"class_list":["post-75","page","type-page","status-publish","has-post-thumbnail","hentry"],"acf":[],"_links":{"self":[{"href":"https:\/\/kalemdarogluinsaat.com\/index.php?rest_route=\/wp\/v2\/pages\/75","targetHints":{"allow":["GET"]}}],"collection":[{"href":"https:\/\/kalemdarogluinsaat.com\/index.php?rest_route=\/wp\/v2\/pages"}],"about":[{"href":"https:\/\/kalemdarogluinsaat.com\/index.php?rest_route=\/wp\/v2\/types\/page"}],"author":[{"embeddable":true,"href":"https:\/\/kalemdarogluinsaat.com\/index.php?rest_route=\/wp\/v2\/users\/1"}],"replies":[{"embeddable":true,"href":"https:\/\/kalemdarogluinsaat.com\/index.php?rest_route=%2Fwp%2Fv2%2Fcomments&post=75"}],"version-history":[{"count":6,"href":"https:\/\/kalemdarogluinsaat.com\/index.php?rest_route=\/wp\/v2\/pages\/75\/revisions"}],"predecessor-version":[{"id":1359,"href":"https:\/\/kalemdarogluinsaat.com\/index.php?rest_route=\/wp\/v2\/pages\/75\/revisions\/1359"}],"up":[{"embeddable":true,"href":"https:\/\/kalemdarogluinsaat.com\/index.php?rest_route=\/wp\/v2\/pages\/25"}],"wp:featuredmedia":[{"embeddable":true,"href":"https:\/\/kalemdarogluinsaat.com\/index.php?rest_route=\/wp\/v2\/media\/1163"}],"wp:attachment":[{"href":"https:\/\/kalemdarogluinsaat.com\/index.php?rest_route=%2Fwp%2Fv2%2Fmedia&parent=75"}],"curies":[{"name":"wp","href":"https:\/\/api.w.org\/{rel}","templated":true}]}}