{"id":71,"date":"2016-04-20T07:16:35","date_gmt":"2016-04-20T07:16:35","guid":{"rendered":"https:\/\/xml-io.proteusthemes.com\/bolts\/?page_id=71"},"modified":"2018-04-22T15:39:23","modified_gmt":"2018-04-22T12:39:23","slug":"kat-karsiligi","status":"publish","type":"page","link":"https:\/\/kalemdarogluinsaat.com\/?page_id=71","title":{"rendered":"Kat Kar\u015f\u0131l\u0131\u011f\u0131"},"content":{"rendered":"<div id=\"pl-71\"  class=\"panel-layout\" ><div id=\"pg-71-0\"  class=\"panel-grid panel-no-style\" ><div id=\"pgc-71-0-0\"  class=\"panel-grid-cell\" ><div id=\"panel-71-0-0-0\" class=\"so-panel widget widget_sow-editor panel-first-child panel-last-child\" data-index=\"0\" ><div\n\t\t\t\n\t\t\tclass=\"so-widget-sow-editor so-widget-sow-editor-base\"\n\t\t\t\n\t\t>\n<div class=\"siteorigin-widget-tinymce textwidget\">\n\t<h3>KAT KAR\u015eILI\u011eI<\/h3>\n<\/div>\n<\/div><\/div><\/div><\/div><div id=\"pg-71-1\"  class=\"panel-grid panel-no-style\" ><div id=\"pgc-71-1-0\"  class=\"panel-grid-cell\" ><div id=\"panel-71-1-0-0\" class=\"so-panel widget widget_sow-editor panel-first-child panel-last-child\" data-index=\"1\" ><div\n\t\t\t\n\t\t\tclass=\"so-widget-sow-editor so-widget-sow-editor-base\"\n\t\t\t\n\t\t>\n<div class=\"siteorigin-widget-tinymce textwidget\">\n\t<p>Profesyonel bir ekip, uzman bir kadro, kaliteli malzemeler ve m\u00fc\u015fteri devaml\u0131l\u0131\u011f\u0131 i\u00e7in hizmetlerimizde minimum fiyat maksimum i\u015f politikas\u0131yla s\u00fcrd\u00fcrmekteyiz.\u00a0Konut yap\u0131lar\u0131 konusunda deneyimli in\u015faat m\u00fchendisi ve mimarlar\u0131m\u0131z\u0131n kontrol\u00fcnde \u00e7al\u0131\u015fan in\u015faat ekiplerimiz, disiplinli ve d\u00fczenli \u00e7al\u0131\u015fmalar\u0131yla i\u015f program\u0131nda belirlenen s\u00fcreler i\u00e7erisinde, taahh\u00fct etti\u011fimiz i\u015fleri standartlara ve projelerine uygun en son in\u015faat teknikleri kullan\u0131larak yapmaktad\u0131rlar.<\/p>\n<\/div>\n<\/div><\/div><\/div><\/div><div id=\"pg-71-2\"  class=\"panel-grid panel-no-style\" ><div id=\"pgc-71-2-0\"  class=\"panel-grid-cell\" ><div id=\"panel-71-2-0-0\" class=\"so-panel widget widget_sow-editor panel-first-child panel-last-child\" data-index=\"2\" ><div\n\t\t\t\n\t\t\tclass=\"so-widget-sow-editor so-widget-sow-editor-base\"\n\t\t\t\n\t\t>\n<div class=\"siteorigin-widget-tinymce textwidget\">\n\t<p><img loading=\"lazy\" decoding=\"async\" class=\"alignnone wp-image-1163 size-full\" src=\"https:\/\/kalemdarogluinsaat.com\/wp-content\/uploads\/2018\/04\/A3-1.jpg\" alt=\"\" width=\"900\" height=\"601\" srcset=\"https:\/\/kalemdarogluinsaat.com\/wp-content\/uploads\/2018\/04\/A3-1.jpg 900w, https:\/\/kalemdarogluinsaat.com\/wp-content\/uploads\/2018\/04\/A3-1-300x200.jpg 300w, https:\/\/kalemdarogluinsaat.com\/wp-content\/uploads\/2018\/04\/A3-1-768x513.jpg 768w, https:\/\/kalemdarogluinsaat.com\/wp-content\/uploads\/2018\/04\/A3-1-540x361.jpg 540w, https:\/\/kalemdarogluinsaat.com\/wp-content\/uploads\/2018\/04\/A3-1-600x401.jpg 600w, https:\/\/kalemdarogluinsaat.com\/wp-content\/uploads\/2018\/04\/A3-1-272x182.jpg 272w\" sizes=\"auto, (max-width: 900px) 100vw, 900px\" \/><\/p>\n<\/div>\n<\/div><\/div><\/div><div id=\"pgc-71-2-1\"  class=\"panel-grid-cell\" ><div id=\"panel-71-2-1-0\" class=\"so-panel widget widget_sow-editor panel-first-child panel-last-child\" data-index=\"3\" ><div\n\t\t\t\n\t\t\tclass=\"so-widget-sow-editor so-widget-sow-editor-base\"\n\t\t\t\n\t\t>\n<div class=\"siteorigin-widget-tinymce textwidget\">\n\t<p><img loading=\"lazy\" decoding=\"async\" class=\"alignnone wp-image-1164 size-full\" src=\"https:\/\/kalemdarogluinsaat.com\/wp-content\/uploads\/2018\/04\/x1-1.jpg\" alt=\"\" width=\"900\" height=\"601\" srcset=\"https:\/\/kalemdarogluinsaat.com\/wp-content\/uploads\/2018\/04\/x1-1.jpg 900w, https:\/\/kalemdarogluinsaat.com\/wp-content\/uploads\/2018\/04\/x1-1-300x200.jpg 300w, https:\/\/kalemdarogluinsaat.com\/wp-content\/uploads\/2018\/04\/x1-1-768x513.jpg 768w, https:\/\/kalemdarogluinsaat.com\/wp-content\/uploads\/2018\/04\/x1-1-540x361.jpg 540w, https:\/\/kalemdarogluinsaat.com\/wp-content\/uploads\/2018\/04\/x1-1-600x401.jpg 600w, https:\/\/kalemdarogluinsaat.com\/wp-content\/uploads\/2018\/04\/x1-1-272x182.jpg 272w\" sizes=\"auto, (max-width: 900px) 100vw, 900px\" \/><\/p>\n<\/div>\n<\/div><\/div><\/div><\/div><\/div>","protected":false},"excerpt":{"rendered":"<p>G\u00fcvenilir ve zaman\u0131nda.<\/p>\n","protected":false},"author":1,"featured_media":1338,"parent":25,"menu_order":0,"comment_status":"closed","ping_status":"closed","template":"","meta":{"footnotes":""},"class_list":["post-71","page","type-page","status-publish","has-post-thumbnail","hentry"],"acf":[],"_links":{"self":[{"href":"https:\/\/kalemdarogluinsaat.com\/index.php?rest_route=\/wp\/v2\/pages\/71","targetHints":{"allow":["GET"]}}],"collection":[{"href":"https:\/\/kalemdarogluinsaat.com\/index.php?rest_route=\/wp\/v2\/pages"}],"about":[{"href":"https:\/\/kalemdarogluinsaat.com\/index.php?rest_route=\/wp\/v2\/types\/page"}],"author":[{"embeddable":true,"href":"https:\/\/kalemdarogluinsaat.com\/index.php?rest_route=\/wp\/v2\/users\/1"}],"replies":[{"embeddable":true,"href":"https:\/\/kalemdarogluinsaat.com\/index.php?rest_route=%2Fwp%2Fv2%2Fcomments&post=71"}],"version-history":[{"count":7,"href":"https:\/\/kalemdarogluinsaat.com\/index.php?rest_route=\/wp\/v2\/pages\/71\/revisions"}],"predecessor-version":[{"id":1162,"href":"https:\/\/kalemdarogluinsaat.com\/index.php?rest_route=\/wp\/v2\/pages\/71\/revisions\/1162"}],"up":[{"embeddable":true,"href":"https:\/\/kalemdarogluinsaat.com\/index.php?rest_route=\/wp\/v2\/pages\/25"}],"wp:featuredmedia":[{"embeddable":true,"href":"https:\/\/kalemdarogluinsaat.com\/index.php?rest_route=\/wp\/v2\/media\/1338"}],"wp:attachment":[{"href":"https:\/\/kalemdarogluinsaat.com\/index.php?rest_route=%2Fwp%2Fv2%2Fmedia&parent=71"}],"curies":[{"name":"wp","href":"https:\/\/api.w.org\/{rel}","templated":true}]}}