{"id":49,"date":"2016-04-20T06:45:41","date_gmt":"2016-04-20T06:45:41","guid":{"rendered":"https:\/\/xml-io.proteusthemes.com\/bolts\/?page_id=49"},"modified":"2018-04-22T15:38:53","modified_gmt":"2018-04-22T12:38:53","slug":"insaat","status":"publish","type":"page","link":"https:\/\/kalemdarogluinsaat.com\/?page_id=49","title":{"rendered":"\u0130n\u015faat Hizmetleri"},"content":{"rendered":"<div id=\"pl-49\"  class=\"panel-layout\" ><div id=\"pg-49-0\"  class=\"panel-grid panel-no-style\" ><div id=\"pgc-49-0-0\"  class=\"panel-grid-cell\" ><div id=\"panel-49-0-0-0\" class=\"so-panel widget widget_sow-editor panel-first-child panel-last-child\" data-index=\"0\" ><div\n\t\t\t\n\t\t\tclass=\"so-widget-sow-editor so-widget-sow-editor-base\"\n\t\t\t\n\t\t>\n<div class=\"siteorigin-widget-tinymce textwidget\">\n\t<p><img loading=\"lazy\" decoding=\"async\" class=\"alignnone wp-image-1156 \" src=\"https:\/\/kalemdarogluinsaat.com\/wp-content\/uploads\/2018\/04\/A2-1.jpg\" alt=\"\" width=\"786\" height=\"516\" \/><\/p>\n<\/div>\n<\/div><\/div><\/div><\/div><div id=\"pg-49-1\"  class=\"panel-grid panel-no-style\" ><div id=\"pgc-49-1-0\"  class=\"panel-grid-cell\" ><div id=\"panel-49-1-0-0\" class=\"so-panel widget widget_sow-editor panel-first-child panel-last-child\" data-index=\"1\" ><div\n\t\t\t\n\t\t\tclass=\"so-widget-sow-editor so-widget-sow-editor-base\"\n\t\t\t\n\t\t><h3 class=\"widget-title\"><span class=\"widget-title__inline\">\u0130N\u015eAAT H\u0130ZMETLER\u0130<\/span><\/h3>\n<div class=\"siteorigin-widget-tinymce textwidget\">\n\t<\/div>\n<\/div><\/div><\/div><\/div><div id=\"pg-49-2\"  class=\"panel-grid panel-no-style\" ><div id=\"pgc-49-2-0\"  class=\"panel-grid-cell\" ><div id=\"panel-49-2-0-0\" class=\"so-panel widget widget_sow-editor panel-first-child panel-last-child\" data-index=\"2\" ><div\n\t\t\t\n\t\t\tclass=\"so-widget-sow-editor so-widget-sow-editor-base\"\n\t\t\t\n\t\t><h3 class=\"widget-title\"><span class=\"widget-title__inline\">G\u00fcven \u0130n\u015faa Eder<\/span><\/h3>\n<div class=\"siteorigin-widget-tinymce textwidget\">\n\t<p>Y\u00fcksek in\u015faat teknolojisi gerektiren uygulamalar\u0131ndaki ba\u015far\u0131s\u0131, proje y\u00f6netimindeki deneyimi, \u00fcstlendi\u011fi projeleri zaman\u0131nda bitirme gelene\u011fi ve kaliteli i\u015f\u00e7ili\u011fe verdi\u011fi \u00f6nemden \u00f6t\u00fcr\u00fc sekt\u00f6r\u00fcnde tercih edilen firmalar aras\u0131ndad\u0131r.\u00a0Yap\u0131labilecek her t\u00fcrl\u00fc in\u015faat\u0131, h\u0131zl\u0131 ve kaliteli bir \u015fekilde yapar\u0131z. Projelerinizi daima zaman\u0131nda bitirir ve in\u015faatlar\u0131m\u0131z da d\u00fcnyan\u0131n \u00f6nde gelen kaliteli markalar\u0131n\u0131 kullanmaya \u00f6zen g\u00f6steririz.\u00a0K\u0131sa ,orta ve uzun vadede size ekonomik olarak avantaj sa\u011flar\u0131z, ayr\u0131ca g\u00fcven.. Firmam\u0131z Profosyonel bir in\u015faat uygulama yap\u0131m \u015firketidir. B\u00fcnyemizde, konular\u0131nda yetkin; \u0130n\u015faat, Mimar, Makine, Elektrik M\u00fchendisleri anahtar personel olarak bulundurmaya \u00f6zen g\u00f6stermekte, proje yap\u0131m hizmeti yapmakta ve in\u015fa edece\u011fimiz projelerinize ait ilave t\u00fcm uygulama ve detay projelerini haz\u0131rlamakta, in\u015fa edece\u011fimiz alan\u0131, mimari, elektrik, statik, mekanik tesisat, i\u00e7 mimari projelerinizi et\u00fcd etmekte ve uygulamaktad\u0131rlar.<\/p>\n<\/div>\n<\/div><\/div><\/div><\/div><div id=\"pg-49-3\"  class=\"panel-grid panel-no-style\" ><div id=\"pgc-49-3-0\"  class=\"panel-grid-cell\" ><div id=\"panel-49-3-0-0\" class=\"so-panel widget widget_sow-editor panel-first-child panel-last-child\" data-index=\"3\" ><div\n\t\t\t\n\t\t\tclass=\"so-widget-sow-editor so-widget-sow-editor-base\"\n\t\t\t\n\t\t>\n<div class=\"siteorigin-widget-tinymce textwidget\">\n\t<hr \/>\n<p>\u00a0<\/p>\n<\/div>\n<\/div><\/div><\/div><\/div><div id=\"pg-49-4\"  class=\"panel-grid panel-no-style\" ><div id=\"pgc-49-4-0\"  class=\"panel-grid-cell\" ><div id=\"panel-49-4-0-0\" class=\"so-panel widget widget_sow-editor panel-first-child panel-last-child\" data-index=\"4\" ><div\n\t\t\t\n\t\t\tclass=\"so-widget-sow-editor so-widget-sow-editor-base\"\n\t\t\t\n\t\t><h3 class=\"widget-title\"><span class=\"widget-title__inline\">Vizyonumuz &amp; Misyonumuz<\/span><\/h3>\n<div class=\"siteorigin-widget-tinymce textwidget\">\n\t<\/div>\n<\/div><\/div><\/div><\/div><div id=\"pg-49-5\"  class=\"panel-grid panel-no-style\" ><div id=\"pgc-49-5-0\"  class=\"panel-grid-cell\" ><div id=\"panel-49-5-0-0\" class=\"so-panel widget widget_pw_steps widget-steps panel-first-child\" data-index=\"5\" >\n\t\n\t<div class=\"steps\">\n\t\t\t\t\t<div class=\"step\">\n\t\t\t\t<div class=\"step__title\">\n\t\t\t\t\tVizyonumuz\t\t\t\t<\/div>\n\t\t\t\t<p class=\"step__content\">\n\t\t\t\t\u0130n\u015faat sekt\u00f6r\u00fcnde pazar ve m\u00fc\u015fteri ihtiya\u00e7lar\u0131n\u0131 kar\u015f\u0131lamak i\u00e7in kaynaklar\u0131m\u0131z\u0131 optimize edecek s\u00fcrd\u00fcr\u00fclebilir i\u015f modelleri alt\u0131nda inovatif projeler geli\u015ftirmektir. Bu maksatla t\u00fcm faaliyetlerimizde oldu\u011fu gibi in\u015faat alan\u0131nda da kurumsalla\u015fm\u0131\u015f bir organizasyon yap\u0131s\u0131 i\u00e7inde, \u00f6nce \u00e7al\u0131\u015ft\u0131\u011f\u0131m\u0131z konunun ilmine vak\u0131f olup, ard\u0131ndan uygulamaya ge\u00e7eriz. T\u00fcm plan ve programlar\u0131m\u0131z\u0131 \u00f6nceden yaparak cesaretli ve hedef odakl\u0131 olarak h\u0131zla ilerlemeye gayret ederiz.\t\t\t\t<\/p>\n\t\t\t\t<div class=\"step__number\">\n\t\t\t\t\tV\t\t\t\t<\/div>\n\t\t\t<\/div>\n\t\t\t<\/div>\n\n<\/div><div id=\"panel-49-5-0-1\" class=\"so-panel widget widget_pw_steps widget-steps panel-last-child\" data-index=\"6\" >\n\t\n\t<div class=\"steps\">\n\t\t\t\t\t<div class=\"step\">\n\t\t\t\t<div class=\"step__title\">\n\t\t\t\t\tMisyonumuz\t\t\t\t<\/div>\n\t\t\t\t<p class=\"step__content\">\n\t\t\t\tGeleneksel de\u011ferlerden \u00f6d\u00fcn vermemek, teknolojiyi daima takip edip uygulayarak yap\u0131lar\u0131nda kalite ve konforlu ya\u015fam \u015fartlar\u0131 sunmak, do\u011faya sayg\u0131l\u0131, yasal \u015fartlara uygun, fonksiyonel ve estetik yap\u0131lar in\u015fa etmek, bizi bug\u00fcnlere getiren de\u011ferlerimiz ve bug\u00fcne kadar ortaya \u00e7\u0131akrd\u0131\u011f\u0131m\u0131z birbirinden k\u0131ymetli projelerinizin bizlere vermi\u015f oldu\u011fu \u00f6zg\u00fcven ile in\u015faat sekt\u00f6r\u00fcnde daima kal\u0131c\u0131 izler b\u0131rakan, \u00f6rnek olan ve standartlar\u0131 y\u00fckselten projelere imza atmak \u00f6ncelikli olarak misyonumuzu olu\u015fturan kriterlerimizdir.\t\t\t\t<\/p>\n\t\t\t\t<div class=\"step__number\">\n\t\t\t\t\tM\t\t\t\t<\/div>\n\t\t\t<\/div>\n\t\t\t<\/div>\n\n<\/div><\/div><\/div><\/div>","protected":false},"excerpt":{"rendered":"<p>Uzman kadro ve kaliteli malzemeler.<\/p>\n","protected":false},"author":1,"featured_media":1337,"parent":25,"menu_order":0,"comment_status":"closed","ping_status":"closed","template":"","meta":{"footnotes":""},"class_list":["post-49","page","type-page","status-publish","has-post-thumbnail","hentry"],"acf":[],"_links":{"self":[{"href":"https:\/\/kalemdarogluinsaat.com\/index.php?rest_route=\/wp\/v2\/pages\/49","targetHints":{"allow":["GET"]}}],"collection":[{"href":"https:\/\/kalemdarogluinsaat.com\/index.php?rest_route=\/wp\/v2\/pages"}],"about":[{"href":"https:\/\/kalemdarogluinsaat.com\/index.php?rest_route=\/wp\/v2\/types\/page"}],"author":[{"embeddable":true,"href":"https:\/\/kalemdarogluinsaat.com\/index.php?rest_route=\/wp\/v2\/users\/1"}],"replies":[{"embeddable":true,"href":"https:\/\/kalemdarogluinsaat.com\/index.php?rest_route=%2Fwp%2Fv2%2Fcomments&post=49"}],"version-history":[{"count":10,"href":"https:\/\/kalemdarogluinsaat.com\/index.php?rest_route=\/wp\/v2\/pages\/49\/revisions"}],"predecessor-version":[{"id":1355,"href":"https:\/\/kalemdarogluinsaat.com\/index.php?rest_route=\/wp\/v2\/pages\/49\/revisions\/1355"}],"up":[{"embeddable":true,"href":"https:\/\/kalemdarogluinsaat.com\/index.php?rest_route=\/wp\/v2\/pages\/25"}],"wp:featuredmedia":[{"embeddable":true,"href":"https:\/\/kalemdarogluinsaat.com\/index.php?rest_route=\/wp\/v2\/media\/1337"}],"wp:attachment":[{"href":"https:\/\/kalemdarogluinsaat.com\/index.php?rest_route=%2Fwp%2Fv2%2Fmedia&parent=49"}],"curies":[{"name":"wp","href":"https:\/\/api.w.org\/{rel}","templated":true}]}}