{"id":31,"date":"2016-04-18T11:21:18","date_gmt":"2016-04-18T11:21:18","guid":{"rendered":"https:\/\/xml-io.proteusthemes.com\/bolts\/?page_id=31"},"modified":"2019-08-22T10:04:57","modified_gmt":"2019-08-22T07:04:57","slug":"iletisim","status":"publish","type":"page","link":"https:\/\/kalemdarogluinsaat.com\/?page_id=31","title":{"rendered":"\u0130leti\u015fim"},"content":{"rendered":"<div id=\"pl-31\"  class=\"panel-layout\" ><div id=\"pg-31-0\"  class=\"panel-grid panel-no-style\" ><div id=\"pgc-31-0-0\"  class=\"panel-grid-cell\" ><div id=\"panel-31-0-0-0\" class=\"so-panel widget widget_sow-editor panel-first-child panel-last-child\" data-index=\"0\" ><div class=\"featured-widget panel-widget-style panel-widget-style-for-31-0-0-0\" ><div\n\t\t\t\n\t\t\tclass=\"so-widget-sow-editor so-widget-sow-editor-base\"\n\t\t\t\n\t\t>\n<div class=\"siteorigin-widget-tinymce textwidget\">\n\t<p style=\"text-align: center;\"><span class=\"icon-container\"><span class=\"fa fa-phone  fa-3x\" style=\"color:#dddddd;\"><\/span><\/span><\/p>\n<p style=\"text-align: center;\"><span style=\"color: #333333;\"><strong>TELEFON<\/strong><\/span><\/p>\n<p style=\"text-align: center;\">+90 (538) 938 58 38<\/p>\n<p>&nbsp;<\/p>\n<\/div>\n<\/div><\/div><\/div><\/div><div id=\"pgc-31-0-1\"  class=\"panel-grid-cell\" ><div id=\"panel-31-0-1-0\" class=\"so-panel widget widget_sow-editor panel-first-child panel-last-child\" data-index=\"1\" ><div class=\"featured-widget panel-widget-style panel-widget-style-for-31-0-1-0\" ><div\n\t\t\t\n\t\t\tclass=\"so-widget-sow-editor so-widget-sow-editor-base\"\n\t\t\t\n\t\t>\n<div class=\"siteorigin-widget-tinymce textwidget\">\n\t<p style=\"text-align: center;\"><span class=\"icon-container\"><span class=\"fa fa-envelope  fa-3x\" style=\"color:#dddddd;\"><\/span><\/span><\/p>\n<p style=\"text-align: center;\"><span style=\"color: #333333;\"><strong>E-Mail<\/strong><\/span><\/p>\n<p style=\"text-align: center;\">www.kalemdarogluinsaat.com<br \/>\ninfo@kalemdarogluinsaat.com<\/p>\n<\/div>\n<\/div><\/div><\/div><\/div><div id=\"pgc-31-0-2\"  class=\"panel-grid-cell\" ><div id=\"panel-31-0-2-0\" class=\"so-panel widget widget_sow-editor panel-first-child panel-last-child\" data-index=\"2\" ><div class=\"featured-widget panel-widget-style panel-widget-style-for-31-0-2-0\" ><div\n\t\t\t\n\t\t\tclass=\"so-widget-sow-editor so-widget-sow-editor-base\"\n\t\t\t\n\t\t>\n<div class=\"siteorigin-widget-tinymce textwidget\">\n\t<p style=\"text-align: center;\"><span class=\"icon-container\"><span class=\"fa fa-map-marker  fa-3x\" style=\"color:#dddddd;\"><\/span><\/span><\/p>\n<p style=\"text-align: center;\"><b>Adres<\/b><\/p>\n<p style=\"text-align: center;\">Gazi Mh. 6543 Sk. Gazikent Konaklar\u0131 No:6 D Blok Daire 1 Kepez \/ Antalya<\/p>\n<p>&nbsp;<\/p>\n<\/div>\n<\/div><\/div><\/div><\/div><div id=\"pgc-31-0-3\"  class=\"panel-grid-cell\" ><div id=\"panel-31-0-3-0\" class=\"so-panel widget widget_sow-editor panel-first-child panel-last-child\" data-index=\"3\" ><div class=\"featured-widget panel-widget-style panel-widget-style-for-31-0-3-0\" ><div\n\t\t\t\n\t\t\tclass=\"so-widget-sow-editor so-widget-sow-editor-base\"\n\t\t\t\n\t\t>\n<div class=\"siteorigin-widget-tinymce textwidget\">\n\t<p style=\"text-align: center;\"><span class=\"icon-container\"><span class=\"fa fa-users  fa-3x\" style=\"color:#dddddd;\"><\/span><\/span><\/p>\n<p style=\"text-align: center;\"><span style=\"color: #333333;\"><strong>Kariyer Tabelperi<\/strong><\/span><\/p>\n<p style=\"text-align: center;\">Bizimle \u00c7al\u0131\u015fmak \u0130stemisiniz ?<br \/>\nCV B\u0131rakabilirsiniz.<\/p>\n<p>&nbsp;<\/p>\n<\/div>\n<\/div><\/div><\/div><\/div><\/div><div id=\"pg-31-1\"  class=\"panel-grid panel-no-style\" ><div id=\"pgc-31-1-0\"  class=\"panel-grid-cell\" ><div id=\"panel-31-1-0-0\" class=\"so-panel widget widget_sow-google-map panel-first-child panel-last-child\" data-index=\"4\" ><div\n\t\t\t\n\t\t\tclass=\"so-widget-sow-google-map so-widget-sow-google-map-default-ce886306c0ba-31\"\n\t\t\t\n\t\t>\n<div class=\"sow-google-map-canvas\"\n\tstyle=\"\"\n\tid=\"map-canvas-0c5d72dd3fc8d81a17bddd94f660178b\"\n\tdata-options=\"{&quot;address&quot;:&quot;Gazi mah 6543 sok gazikent konaklar\\u0131 no 6 D blok daire 1 kepez antalya&quot;,&quot;zoom&quot;:17,&quot;mobileZoom&quot;:17,&quot;gestureHandling&quot;:&quot;cooperative&quot;,&quot;disableUi&quot;:false,&quot;markerIcon&quot;:false,&quot;markersDraggable&quot;:false,&quot;markerAtCenter&quot;:true,&quot;markerInfoDisplay&quot;:&quot;click&quot;,&quot;markerInfoMultiple&quot;:true,&quot;markerPositions&quot;:false,&quot;mapName&quot;:&quot;Custom Map&quot;,&quot;mapStyles&quot;:[{&quot;featureType&quot;:&quot;water&quot;,&quot;elementType&quot;:&quot;geometry&quot;,&quot;stylers&quot;:[{&quot;color&quot;:&quot;#e9e9e9&quot;},{&quot;lightness&quot;:17}]},{&quot;featureType&quot;:&quot;landscape&quot;,&quot;elementType&quot;:&quot;geometry&quot;,&quot;stylers&quot;:[{&quot;color&quot;:&quot;#f5f5f5&quot;},{&quot;lightness&quot;:20}]},{&quot;featureType&quot;:&quot;road.highway&quot;,&quot;elementType&quot;:&quot;geometry.fill&quot;,&quot;stylers&quot;:[{&quot;color&quot;:&quot;#ffffff&quot;},{&quot;lightness&quot;:17}]},{&quot;featureType&quot;:&quot;road.highway&quot;,&quot;elementType&quot;:&quot;geometry.stroke&quot;,&quot;stylers&quot;:[{&quot;color&quot;:&quot;#ffffff&quot;},{&quot;lightness&quot;:29},{&quot;weight&quot;:0.2}]},{&quot;featureType&quot;:&quot;road.arterial&quot;,&quot;elementType&quot;:&quot;geometry&quot;,&quot;stylers&quot;:[{&quot;color&quot;:&quot;#ffffff&quot;},{&quot;lightness&quot;:18}]},{&quot;featureType&quot;:&quot;road.local&quot;,&quot;elementType&quot;:&quot;geometry&quot;,&quot;stylers&quot;:[{&quot;color&quot;:&quot;#ffffff&quot;},{&quot;lightness&quot;:16}]},{&quot;featureType&quot;:&quot;poi&quot;,&quot;elementType&quot;:&quot;geometry&quot;,&quot;stylers&quot;:[{&quot;color&quot;:&quot;#f5f5f5&quot;},{&quot;lightness&quot;:21}]},{&quot;featureType&quot;:&quot;poi.park&quot;,&quot;elementType&quot;:&quot;geometry&quot;,&quot;stylers&quot;:[{&quot;color&quot;:&quot;#dedede&quot;},{&quot;lightness&quot;:21}]},{&quot;elementType&quot;:&quot;labels.text.stroke&quot;,&quot;stylers&quot;:[{&quot;visibility&quot;:&quot;on&quot;},{&quot;color&quot;:&quot;#ffffff&quot;},{&quot;lightness&quot;:16}]},{&quot;elementType&quot;:&quot;labels.text.fill&quot;,&quot;stylers&quot;:[{&quot;saturation&quot;:36},{&quot;color&quot;:&quot;#333333&quot;},{&quot;lightness&quot;:40}]},{&quot;elementType&quot;:&quot;labels.icon&quot;,&quot;stylers&quot;:[{&quot;visibility&quot;:&quot;off&quot;}]},{&quot;featureType&quot;:&quot;transit&quot;,&quot;elementType&quot;:&quot;geometry&quot;,&quot;stylers&quot;:[{&quot;color&quot;:&quot;#f2f2f2&quot;},{&quot;lightness&quot;:19}]},{&quot;featureType&quot;:&quot;administrative&quot;,&quot;elementType&quot;:&quot;geometry.fill&quot;,&quot;stylers&quot;:[{&quot;color&quot;:&quot;#fefefe&quot;},{&quot;lightness&quot;:20}]},{&quot;featureType&quot;:&quot;administrative&quot;,&quot;elementType&quot;:&quot;geometry.stroke&quot;,&quot;stylers&quot;:[{&quot;color&quot;:&quot;#fefefe&quot;},{&quot;lightness&quot;:17},{&quot;weight&quot;:1.2}]}],&quot;directions&quot;:&quot;&quot;,&quot;apiKey&quot;:&quot;AIzaSyCtq43A0YSp-c-cd1HwGxDqmsSrG9DoXSE&quot;,&quot;breakpoint&quot;:780}\"\n\tdata-fallback-image=\"{&quot;img&quot;:&quot;&quot;}\"><\/div>\n<\/div><\/div><\/div><\/div><div id=\"pg-31-2\"  class=\"panel-grid panel-no-style\" ><div id=\"pgc-31-2-0\"  class=\"panel-grid-cell\" ><div id=\"panel-31-2-0-0\" class=\"so-panel widget widget_pw_opening_time opening-time panel-first-child panel-last-child\" data-index=\"5\" ><div class=\"panel-widget-style panel-widget-style-for-31-2-0-0\" >\n\t<div class=\"time-table\">\n\n\t\t\n\t\t<div class=\"inner-bg\">\n\t\t\t\t\t\t\t<dl class=\"week-day \">\n\t\t\t\t\t<dt>Pazartesi<\/dt>\n\t\t\t\t\t<dd class=\"week-day__line\"><\/dd>\n\t\t\t\t\t<dd>8:00-16:00<\/dd>\n\t\t\t\t<\/dl>\n\t\t\t\t\t\t\t<dl class=\"week-day  light-bg\">\n\t\t\t\t\t<dt>Sal\u0131<\/dt>\n\t\t\t\t\t<dd class=\"week-day__line\"><\/dd>\n\t\t\t\t\t<dd>8:00-16:00<\/dd>\n\t\t\t\t<\/dl>\n\t\t\t\t\t\t\t<dl class=\"week-day \">\n\t\t\t\t\t<dt>\u00c7ar\u015famba<\/dt>\n\t\t\t\t\t<dd class=\"week-day__line\"><\/dd>\n\t\t\t\t\t<dd>8:00-16:00<\/dd>\n\t\t\t\t<\/dl>\n\t\t\t\t\t\t\t<dl class=\"week-day  light-bg\">\n\t\t\t\t\t<dt>Per\u015fembe<\/dt>\n\t\t\t\t\t<dd class=\"week-day__line\"><\/dd>\n\t\t\t\t\t<dd>8:00-16:00<\/dd>\n\t\t\t\t<\/dl>\n\t\t\t\t\t\t\t<dl class=\"week-day  today\">\n\t\t\t\t\t<dt>Cuma<\/dt>\n\t\t\t\t\t<dd class=\"week-day__line\"><\/dd>\n\t\t\t\t\t<dd>8:00-16:00<\/dd>\n\t\t\t\t<\/dl>\n\t\t\t\t\t\t\t<dl class=\"week-day  light-bg\">\n\t\t\t\t\t<dt>Cumartesi<\/dt>\n\t\t\t\t\t<dd class=\"week-day__line\"><\/dd>\n\t\t\t\t\t<dd>8:00-16:00<\/dd>\n\t\t\t\t<\/dl>\n\t\t\t\t\t\t\t<dl class=\"week-day \">\n\t\t\t\t\t<dt>Pazar<\/dt>\n\t\t\t\t\t<dd class=\"week-day__line\"><\/dd>\n\t\t\t\t\t<dd>8:00-16:00<\/dd>\n\t\t\t\t<\/dl>\n\t\t\t\t\t<\/div>\n\n\t\t\n\t<\/div>\n\n<\/div><\/div><\/div><div id=\"pgc-31-2-1\"  class=\"panel-grid-cell\" ><div id=\"panel-31-2-1-0\" class=\"so-panel widget widget_text panel-first-child panel-last-child\" data-index=\"6\" >\t\t\t<div class=\"textwidget\">\n<div class=\"wpcf7 no-js\" id=\"wpcf7-f13-o1\" lang=\"en-US\" dir=\"ltr\">\n<div class=\"screen-reader-response\"><p role=\"status\" aria-live=\"polite\" aria-atomic=\"true\"><\/p> <ul><\/ul><\/div>\n<form action=\"\/index.php?rest_route=%2Fwp%2Fv2%2Fpages%2F31#wpcf7-f13-o1\" method=\"post\" class=\"wpcf7-form init\" aria-label=\"Contact form\" novalidate=\"novalidate\" data-status=\"init\">\n<div style=\"display: none;\">\n<input type=\"hidden\" name=\"_wpcf7\" value=\"13\" \/>\n<input type=\"hidden\" name=\"_wpcf7_version\" value=\"5.7.5.1\" \/>\n<input type=\"hidden\" name=\"_wpcf7_locale\" value=\"en_US\" \/>\n<input type=\"hidden\" name=\"_wpcf7_unit_tag\" value=\"wpcf7-f13-o1\" \/>\n<input type=\"hidden\" name=\"_wpcf7_container_post\" value=\"0\" \/>\n<input type=\"hidden\" name=\"_wpcf7_posted_data_hash\" value=\"\" \/>\n<\/div>\n<div class=\"row\">\n\t<div class=\"col-xs-12  col-lg-5\">\n\t\t<p><span class=\"wpcf7-form-control-wrap\" data-name=\"name\"><input size=\"40\" class=\"wpcf7-form-control wpcf7-text wpcf7-validates-as-required form-control\" aria-required=\"true\" aria-invalid=\"false\" placeholder=\"Ad Soyad\" value=\"\" type=\"text\" name=\"name\" \/><\/span><br \/>\n<span class=\"wpcf7-form-control-wrap\" data-name=\"your-email\"><input size=\"40\" class=\"wpcf7-form-control wpcf7-text wpcf7-email wpcf7-validates-as-required wpcf7-validates-as-email form-control\" aria-required=\"true\" aria-invalid=\"false\" placeholder=\"E-mail adresi\" value=\"\" type=\"email\" name=\"your-email\" \/><\/span><br \/>\n<span class=\"wpcf7-form-control-wrap\" data-name=\"your-subject\"><input size=\"40\" class=\"wpcf7-form-control wpcf7-text form-control\" aria-invalid=\"false\" placeholder=\"Konu\" value=\"\" type=\"text\" name=\"your-subject\" \/><\/span>\n\t\t<\/p>\n\t<\/div>\n\t<div class=\"col-xs-12  col-lg-7\">\n\t\t<p><span class=\"wpcf7-form-control-wrap\" data-name=\"your-message\"><textarea cols=\"40\" rows=\"10\" class=\"wpcf7-form-control wpcf7-textarea form-control\" aria-invalid=\"false\" placeholder=\"Mesaj\" name=\"your-message\"><\/textarea><\/span><br \/>\n<input class=\"wpcf7-form-control has-spinner wpcf7-submit btn btn-primary\" type=\"submit\" value=\"G\u00d6NDER\" \/>\n\t\t<\/p>\n\t<\/div>\n<\/div><div class=\"wpcf7-response-output\" aria-hidden=\"true\"><\/div>\n<\/form>\n<\/div>\n<\/div>\n\t\t<\/div><\/div><\/div><\/div>","protected":false},"excerpt":{"rendered":"<p>TELEFON +90 (538) 938 58 38 &nbsp; E-Mail www.kalemdarogluinsaat.com info@kalemdarogluinsaat.com Adres Gazi Mh. 6543 Sk. Gazikent Konaklar\u0131 No:6 D Blok Daire 1 Kepez \/ Antalya &nbsp; Kariyer Tabelperi Bizimle \u00c7al\u0131\u015fmak \u0130stemisiniz ? CV B\u0131rakabilirsiniz. &nbsp;<\/p>\n","protected":false},"author":1,"featured_media":0,"parent":0,"menu_order":0,"comment_status":"closed","ping_status":"closed","template":"","meta":{"footnotes":""},"class_list":["post-31","page","type-page","status-publish","hentry"],"acf":[],"_links":{"self":[{"href":"https:\/\/kalemdarogluinsaat.com\/index.php?rest_route=\/wp\/v2\/pages\/31","targetHints":{"allow":["GET"]}}],"collection":[{"href":"https:\/\/kalemdarogluinsaat.com\/index.php?rest_route=\/wp\/v2\/pages"}],"about":[{"href":"https:\/\/kalemdarogluinsaat.com\/index.php?rest_route=\/wp\/v2\/types\/page"}],"author":[{"embeddable":true,"href":"https:\/\/kalemdarogluinsaat.com\/index.php?rest_route=\/wp\/v2\/users\/1"}],"replies":[{"embeddable":true,"href":"https:\/\/kalemdarogluinsaat.com\/index.php?rest_route=%2Fwp%2Fv2%2Fcomments&post=31"}],"version-history":[{"count":7,"href":"https:\/\/kalemdarogluinsaat.com\/index.php?rest_route=\/wp\/v2\/pages\/31\/revisions"}],"predecessor-version":[{"id":1173,"href":"https:\/\/kalemdarogluinsaat.com\/index.php?rest_route=\/wp\/v2\/pages\/31\/revisions\/1173"}],"wp:attachment":[{"href":"https:\/\/kalemdarogluinsaat.com\/index.php?rest_route=%2Fwp%2Fv2%2Fmedia&parent=31"}],"curies":[{"name":"wp","href":"https:\/\/api.w.org\/{rel}","templated":true}]}}