{"id":29,"date":"2016-04-18T11:21:05","date_gmt":"2016-04-18T11:21:05","guid":{"rendered":"https:\/\/xml-io.proteusthemes.com\/bolts\/?page_id=29"},"modified":"2018-04-21T12:16:33","modified_gmt":"2018-04-21T09:16:33","slug":"hakkimizda","status":"publish","type":"page","link":"https:\/\/kalemdarogluinsaat.com\/?page_id=29","title":{"rendered":"Hakkimizda"},"content":{"rendered":"<div id=\"pl-29\"  class=\"panel-layout\" ><div id=\"pg-29-0\"  class=\"panel-grid panel-no-style\" ><div id=\"pgc-29-0-0\"  class=\"panel-grid-cell\" ><div id=\"panel-29-0-0-0\" class=\"so-panel widget widget_sow-editor panel-first-child panel-last-child\" data-index=\"0\" ><div\n\t\t\t\n\t\t\tclass=\"so-widget-sow-editor so-widget-sow-editor-base\"\n\t\t\t\n\t\t>\n<div class=\"siteorigin-widget-tinymce textwidget\">\n\t<h3>Kalemdaro\u011flu \u0130n\u015faat<\/h3>\n<div>\n<p>Y\u00fcksek in\u015faat teknolojisi gerektiren uygulamalar\u0131ndaki ba\u015far\u0131s\u0131, proje y\u00f6netimindeki deneyimi, \u00fcstlendi\u011fi projeleri zaman\u0131nda bitirme gelene\u011fi ve kaliteli i\u015f\u00e7ili\u011fe verdi\u011fi \u00f6nemden \u00f6t\u00fcr\u00fc sekt\u00f6r\u00fcnde tercih edilen firmalar aras\u0131ndad\u0131r. Yap\u0131labilecek her t\u00fcrl\u00fc in\u015faat\u0131, h\u0131zl\u0131 ve kaliteli bir \u015fekilde yapar\u0131z. Projelerinizi daima zaman\u0131nda bitirir ve in\u015faatlar\u0131m\u0131z da d\u00fcnyan\u0131n \u00f6nde gelen kaliteli markalar\u0131n\u0131 kullanmaya \u00f6zen g\u00f6steririz. K\u0131sa ,orta ve uzun vadede size ekonomik olarak avantaj sa\u011flar\u0131z, ayr\u0131ca g\u00fcven.. Firmam\u0131z Profosyonel bir in\u015faat uygulama yap\u0131m \u015firketidir. BT\u00fcm bu profosyonel in\u015faat yap\u0131m proje y\u00f6netimiyle m\u00fckememmel \u015fekilde in\u015faat\u0131n\u0131z\u0131 yaparken i\u015f\u00e7ilik ve malzeme kalitesinden \u00f6d\u00fcn vermedi\u011fimiz gibi maksimum ekonomi sa\u011flamam\u0131z gerekti\u011finin bilincinde olarak,size en iyi yap\u0131y\u0131 en uygun fiyatla tamamlamay\u0131 kendimize g\u00f6rev edinmi\u015f durumday\u0131z.<\/p>\n<\/div>\n<h5><span style=\"color: #999999;\"><span class=\"icon-container\"><span class=\"fa fa-check\" style=\"color:#fec103;\"><\/span><\/span>\u00a0 \u00a0Profesyonel Bir Ekip<br \/>\n<\/span><span style=\"color: #999999;\"><br \/>\n<\/span><span style=\"color: #999999;\"><span class=\"icon-container\"><span class=\"fa fa-check\" style=\"color:#fec103;\"><\/span><\/span> \u00a0 H\u0131zl\u0131 ve Sonu\u00e7 Odakl\u0131 \u00c7al\u0131\u015fma<\/span><\/h5>\n<p><span style=\"color: #999999;\"><span class=\"icon-container\"><span class=\"fa fa-check\" style=\"color:#fec103;\"><\/span><\/span>\u00a0 \u00a0Kaliteli Malzeme Kullan\u0131m\u0131<\/span><\/p>\n<\/div>\n<\/div><\/div><\/div><div id=\"pgc-29-0-1\"  class=\"panel-grid-cell\" ><div id=\"panel-29-0-1-0\" class=\"so-panel widget widget_sow-editor panel-first-child panel-last-child\" data-index=\"1\" ><div\n\t\t\t\n\t\t\tclass=\"so-widget-sow-editor so-widget-sow-editor-base\"\n\t\t\t\n\t\t>\n<div class=\"siteorigin-widget-tinymce textwidget\">\n\t<p><img loading=\"lazy\" decoding=\"async\" class=\"size-full wp-image-1176\" src=\"https:\/\/kalemdarogluinsaat.com\/wp-content\/uploads\/2018\/04\/CRM24.jpg\" alt=\"\" width=\"608\" height=\"436\" srcset=\"https:\/\/kalemdarogluinsaat.com\/wp-content\/uploads\/2018\/04\/CRM24.jpg 608w, https:\/\/kalemdarogluinsaat.com\/wp-content\/uploads\/2018\/04\/CRM24-300x215.jpg 300w, https:\/\/kalemdarogluinsaat.com\/wp-content\/uploads\/2018\/04\/CRM24-540x387.jpg 540w, https:\/\/kalemdarogluinsaat.com\/wp-content\/uploads\/2018\/04\/CRM24-600x430.jpg 600w\" sizes=\"auto, (max-width: 608px) 100vw, 608px\" \/><\/p>\n<\/div>\n<\/div><\/div><\/div><\/div><div id=\"pg-29-1\"  class=\"panel-grid panel-no-style\" ><div id=\"pgc-29-1-0\"  class=\"panel-grid-cell\" ><div id=\"panel-29-1-0-0\" class=\"so-panel widget widget_sow-editor panel-first-child panel-last-child\" data-index=\"2\" ><div\n\t\t\t\n\t\t\tclass=\"so-widget-sow-editor so-widget-sow-editor-base\"\n\t\t\t\n\t\t>\n<div class=\"siteorigin-widget-tinymce textwidget\">\n\t<p>\u00a0<\/p>\n<hr \/>\n<p>\u00a0<\/p>\n<\/div>\n<\/div><\/div><\/div><\/div><\/div>","protected":false},"excerpt":{"rendered":"<p>Kalemdaro\u011flu \u0130n\u015faat Y\u00fcksek in\u015faat teknolojisi gerektiren uygulamalar\u0131ndaki ba\u015far\u0131s\u0131, proje y\u00f6netimindeki deneyimi, \u00fcstlendi\u011fi projeleri zaman\u0131nda bitirme gelene\u011fi ve kaliteli i\u015f\u00e7ili\u011fe verdi\u011fi \u00f6nemden \u00f6t\u00fcr\u00fc sekt\u00f6r\u00fcnde tercih edilen firmalar aras\u0131ndad\u0131r. Yap\u0131labilecek her t\u00fcrl\u00fc in\u015faat\u0131, h\u0131zl\u0131 ve kaliteli bir \u015fekilde yapar\u0131z. Projelerinizi daima zaman\u0131nda bitirir ve in\u015faatlar\u0131m\u0131z da d\u00fcnyan\u0131n \u00f6nde gelen kaliteli markalar\u0131n\u0131 kullanmaya \u00f6zen g\u00f6steririz. K\u0131sa ,orta ve &hellip;<\/p>\n","protected":false},"author":1,"featured_media":0,"parent":0,"menu_order":0,"comment_status":"closed","ping_status":"closed","template":"","meta":{"footnotes":""},"class_list":["post-29","page","type-page","status-publish","hentry"],"acf":[],"_links":{"self":[{"href":"https:\/\/kalemdarogluinsaat.com\/index.php?rest_route=\/wp\/v2\/pages\/29","targetHints":{"allow":["GET"]}}],"collection":[{"href":"https:\/\/kalemdarogluinsaat.com\/index.php?rest_route=\/wp\/v2\/pages"}],"about":[{"href":"https:\/\/kalemdarogluinsaat.com\/index.php?rest_route=\/wp\/v2\/types\/page"}],"author":[{"embeddable":true,"href":"https:\/\/kalemdarogluinsaat.com\/index.php?rest_route=\/wp\/v2\/users\/1"}],"replies":[{"embeddable":true,"href":"https:\/\/kalemdarogluinsaat.com\/index.php?rest_route=%2Fwp%2Fv2%2Fcomments&post=29"}],"version-history":[{"count":4,"href":"https:\/\/kalemdarogluinsaat.com\/index.php?rest_route=\/wp\/v2\/pages\/29\/revisions"}],"predecessor-version":[{"id":1179,"href":"https:\/\/kalemdarogluinsaat.com\/index.php?rest_route=\/wp\/v2\/pages\/29\/revisions\/1179"}],"wp:attachment":[{"href":"https:\/\/kalemdarogluinsaat.com\/index.php?rest_route=%2Fwp%2Fv2%2Fmedia&parent=29"}],"curies":[{"name":"wp","href":"https:\/\/api.w.org\/{rel}","templated":true}]}}