{"id":27,"date":"2016-04-18T11:20:54","date_gmt":"2016-04-18T11:20:54","guid":{"rendered":"https:\/\/xml-io.proteusthemes.com\/bolts\/?page_id=27"},"modified":"2022-10-23T20:11:23","modified_gmt":"2022-10-23T17:11:23","slug":"our-projects","status":"publish","type":"page","link":"https:\/\/kalemdarogluinsaat.com\/?page_id=27","title":{"rendered":"Projeler"},"content":{"rendered":"<div id=\"pl-27\"  class=\"panel-layout\" ><div id=\"pg-27-0\"  class=\"panel-grid panel-no-style\" ><div id=\"pgc-27-0-0\"  class=\"panel-grid-cell\" ><div id=\"panel-27-0-0-0\" class=\"so-panel widget widget_pw_portfolio_grid widget-portfolio-grid panel-first-child panel-last-child\" data-index=\"0\" >\t\t\t\t\t<div class=\"portfolio-grid  portfolio-grid--grid\" data-type=\"grid\">\n\t\t\t\t\t\t\t\t\t<nav class=\"portfolio-grid__header\">\n\t\t\t\t\t<a href=\"#\" class=\"portfolio-grid__mobile-filter  js-filter  btn  btn-primary  btn-sm  hidden-lg-up\">\n\t\t\t\t\t\t<span class=\"fa  fa-filter\"><\/span> &nbsp;\n\t\t\t\t\t\tFILTER\t\t\t\t\t<\/a>\n\n\t\t\t\t\t\n\t\t\t\t\t<ul class=\"portfolio-grid__nav  js-wpg-nav-holder\">\n\t\t\t\t\t\t<li class=\"portfolio-grid__nav-item  is-active\" >\n\t\t\t\t\t\t\t<a href=\"#widget-0-0-0-all\" data-category=\"*\" class=\"portfolio-grid__nav-link  js-wpg-nav\">T\u00fcm\u00fc<\/a>\n\t\t\t\t\t\t<\/li>\n\t\t\t\t\t\t\t\t\t\t\t\t\t<li class=\"portfolio-grid__nav-item\">\n\t\t\t\t\t\t\t\t<a href=\"#widget-0-0-0-bitmis-projeler\" data-category=\"bitmis-projeler\" class=\"portfolio-grid__nav-link  js-wpg-nav\">Bitmi\u015f Projeler<\/a>\n\t\t\t\t\t\t\t<\/li>\n\t\t\t\t\t\t\t\t\t\t\t\t\t<li class=\"portfolio-grid__nav-item\">\n\t\t\t\t\t\t\t\t<a href=\"#widget-0-0-0-devam-eden-projeler\" data-category=\"devam-eden-projeler\" class=\"portfolio-grid__nav-link  js-wpg-nav\">Devam Eden Projeler<\/a>\n\t\t\t\t\t\t\t<\/li>\n\t\t\t\t\t\t\t\t\t\t\t<\/ul>\n\t\t\t\t<\/nav>\n\t\t\t\t\t\t\t\t\t<div class=\"js-wpg-items\">\n\t\t\t\t\t\t\t<div class=\"row\">\n\t\t\t\t\t\t\t\t\t\t<div class=\"col-xs-12  col-sm-6  col-lg-3  js-wpg-item\" data-categories=\"devam-eden-projeler\">\n\t\t\t\t<a class=\"card  portfolio-grid__card  js-wpg-card\" href=\"https:\/\/kalemdarogluinsaat.com\/?portfolio=gazikent-konaklari\">\n\t\t\t\t\t<img loading=\"lazy\" decoding=\"async\" width=\"360\" height=\"180\" src=\"https:\/\/kalemdarogluinsaat.com\/wp-content\/uploads\/2018\/04\/\u015e\u00fckr\u00fc-kalemdaro\u011flu-10960-02-1-360x180.jpg\" class=\"card-img-top  portfolio-grid__card-img wp-post-image\" alt=\"\" sizes=\"auto, (min-width: 1200px) 250px, (min-width: 992px) 200px, (min-width: 768px) 328px, (min-width: 544px) 240px, calc(100vw - 30px)\" \/>\t\t\t\t\t<div class=\"card-block  portfolio-grid__card-block\">\n\t\t\t\t\t\t\t\t\t\t\t\t<h5 class=\"card-title  portfolio-grid__card-title\">Gazikent Konaklar\u0131<\/h5>\n\t\t\t\t\t\t\t\t\t\t\t\t\t\t\t\t\t<\/div>\n\t\t\t\t<\/a>\n\t\t\t<\/div>\n\t\t\t\t\t\t<div class=\"col-xs-12  col-sm-6  col-lg-3  js-wpg-item\" data-categories=\"devam-eden-projeler\">\n\t\t\t\t<a class=\"card  portfolio-grid__card  js-wpg-card\" href=\"https:\/\/kalemdarogluinsaat.com\/?portfolio=kalemdaroglu-plaza\">\n\t\t\t\t\t<img loading=\"lazy\" decoding=\"async\" width=\"360\" height=\"180\" src=\"https:\/\/kalemdarogluinsaat.com\/wp-content\/uploads\/2018\/04\/\u015e\u00fckr\u00fc-kalemdaro\u011flu-ye\u015fil\u0131rmak-cad-3-360x180.jpg\" class=\"card-img-top  portfolio-grid__card-img wp-post-image\" alt=\"\" sizes=\"auto, (min-width: 1200px) 250px, (min-width: 992px) 200px, (min-width: 768px) 328px, (min-width: 544px) 240px, calc(100vw - 30px)\" \/>\t\t\t\t\t<div class=\"card-block  portfolio-grid__card-block\">\n\t\t\t\t\t\t\t\t\t\t\t\t<h5 class=\"card-title  portfolio-grid__card-title\">Kalemdaro\u011flu Plaza<\/h5>\n\t\t\t\t\t\t\t\t\t\t\t\t\t\t\t\t\t<\/div>\n\t\t\t\t<\/a>\n\t\t\t<\/div>\n\t\t\t\t\t\t<div class=\"col-xs-12  col-sm-6  col-lg-3  js-wpg-item\" data-categories=\"bitmis-projeler\">\n\t\t\t\t<a class=\"card  portfolio-grid__card  js-wpg-card\" href=\"https:\/\/kalemdarogluinsaat.com\/?portfolio=new-life-homes\">\n\t\t\t\t\t<img loading=\"lazy\" decoding=\"async\" width=\"360\" height=\"180\" src=\"https:\/\/kalemdarogluinsaat.com\/wp-content\/uploads\/2018\/04\/\u015f\u00fckr\u00fc-\u00e7ift\u00e7i-kalemdaro\u011flu-3-360x180.jpg\" class=\"card-img-top  portfolio-grid__card-img wp-post-image\" alt=\"\" sizes=\"auto, (min-width: 1200px) 250px, (min-width: 992px) 200px, (min-width: 768px) 328px, (min-width: 544px) 240px, calc(100vw - 30px)\" \/>\t\t\t\t\t<div class=\"card-block  portfolio-grid__card-block\">\n\t\t\t\t\t\t\t\t\t\t\t\t<h5 class=\"card-title  portfolio-grid__card-title\">New Life Homes<\/h5>\n\t\t\t\t\t\t\t\t\t\t\t\t\t\t\t\t\t<\/div>\n\t\t\t\t<\/a>\n\t\t\t<\/div>\n\t\t\t\t\t\t<div class=\"col-xs-12  col-sm-6  col-lg-3  js-wpg-item\" data-categories=\"bitmis-projeler\">\n\t\t\t\t<a class=\"card  portfolio-grid__card  js-wpg-card\" href=\"https:\/\/kalemdarogluinsaat.com\/?portfolio=bulvar-plaza\">\n\t\t\t\t\t<img loading=\"lazy\" decoding=\"async\" width=\"360\" height=\"180\" src=\"https:\/\/kalemdarogluinsaat.com\/wp-content\/uploads\/2018\/04\/Kalemdaro\u011flu-baraj-mah-2-360x180.jpg\" class=\"card-img-top  portfolio-grid__card-img wp-post-image\" alt=\"\" sizes=\"auto, (min-width: 1200px) 250px, (min-width: 992px) 200px, (min-width: 768px) 328px, (min-width: 544px) 240px, calc(100vw - 30px)\" \/>\t\t\t\t\t<div class=\"card-block  portfolio-grid__card-block\">\n\t\t\t\t\t\t\t\t\t\t\t\t<h5 class=\"card-title  portfolio-grid__card-title\">Bulvar Plaza<\/h5>\n\t\t\t\t\t\t\t\t\t\t\t\t\t\t\t\t\t<\/div>\n\t\t\t\t<\/a>\n\t\t\t<\/div>\n\t\t\t<\/div><div class=\"row\">\t\t\t<div class=\"col-xs-12  col-sm-6  col-lg-3  js-wpg-item\" data-categories=\"bitmis-projeler\">\n\t\t\t\t<a class=\"card  portfolio-grid__card  js-wpg-card\" href=\"https:\/\/kalemdarogluinsaat.com\/?portfolio=my-world-homes\">\n\t\t\t\t\t<img loading=\"lazy\" decoding=\"async\" width=\"360\" height=\"180\" src=\"https:\/\/kalemdarogluinsaat.com\/wp-content\/uploads\/2018\/04\/\u015e\u00fckr\u00fc-Kalemdaro\u011flu-13178-10-11-3-360x180.jpg\" class=\"card-img-top  portfolio-grid__card-img wp-post-image\" alt=\"\" sizes=\"auto, (min-width: 1200px) 250px, (min-width: 992px) 200px, (min-width: 768px) 328px, (min-width: 544px) 240px, calc(100vw - 30px)\" \/>\t\t\t\t\t<div class=\"card-block  portfolio-grid__card-block\">\n\t\t\t\t\t\t\t\t\t\t\t\t<h5 class=\"card-title  portfolio-grid__card-title\">My World Homes<\/h5>\n\t\t\t\t\t\t\t\t\t\t\t\t\t\t\t\t\t<\/div>\n\t\t\t\t<\/a>\n\t\t\t<\/div>\n\t\t\t\t\t\t<div class=\"col-xs-12  col-sm-6  col-lg-3  js-wpg-item\" data-categories=\"bitmis-projeler\">\n\t\t\t\t<a class=\"card  portfolio-grid__card  js-wpg-card\" href=\"https:\/\/kalemdarogluinsaat.com\/?portfolio=kutukcu-homes\">\n\t\t\t\t\t<img loading=\"lazy\" decoding=\"async\" width=\"360\" height=\"180\" src=\"https:\/\/kalemdarogluinsaat.com\/wp-content\/uploads\/2018\/04\/\u015f\u00fckr\u00fc\u00e7ift\u00e7i-01-360x180.jpg\" class=\"card-img-top  portfolio-grid__card-img wp-post-image\" alt=\"\" sizes=\"auto, (min-width: 1200px) 250px, (min-width: 992px) 200px, (min-width: 768px) 328px, (min-width: 544px) 240px, calc(100vw - 30px)\" \/>\t\t\t\t\t<div class=\"card-block  portfolio-grid__card-block\">\n\t\t\t\t\t\t\t\t\t\t\t\t<h5 class=\"card-title  portfolio-grid__card-title\">K\u00fct\u00fck\u00e7\u00fc Homes<\/h5>\n\t\t\t\t\t\t\t\t\t\t\t\t\t\t\t\t\t<\/div>\n\t\t\t\t<\/a>\n\t\t\t<\/div>\n\t\t\t\t\t\t<div class=\"col-xs-12  col-sm-6  col-lg-3  js-wpg-item\" data-categories=\"devam-eden-projeler\">\n\t\t\t\t<a class=\"card  portfolio-grid__card  js-wpg-card\" href=\"https:\/\/kalemdarogluinsaat.com\/?portfolio=corner-plaza\">\n\t\t\t\t\t<img loading=\"lazy\" decoding=\"async\" width=\"360\" height=\"180\" src=\"https:\/\/kalemdarogluinsaat.com\/wp-content\/uploads\/2018\/04\/Kalemdaro\u011flu-\u0130n\u015faat-304-11-3-360x180.jpg\" class=\"card-img-top  portfolio-grid__card-img wp-post-image\" alt=\"\" sizes=\"auto, (min-width: 1200px) 250px, (min-width: 992px) 200px, (min-width: 768px) 328px, (min-width: 544px) 240px, calc(100vw - 30px)\" \/>\t\t\t\t\t<div class=\"card-block  portfolio-grid__card-block\">\n\t\t\t\t\t\t\t\t\t\t\t\t<h5 class=\"card-title  portfolio-grid__card-title\">Corner Plaza<\/h5>\n\t\t\t\t\t\t\t\t\t\t\t\t\t\t\t\t\t<\/div>\n\t\t\t\t<\/a>\n\t\t\t<\/div>\n\t\t\t\t\t\t<div class=\"col-xs-12  col-sm-6  col-lg-3  js-wpg-item\" data-categories=\"bitmis-projeler\">\n\t\t\t\t<a class=\"card  portfolio-grid__card  js-wpg-card\" href=\"https:\/\/kalemdarogluinsaat.com\/?portfolio=kizilarik-2\">\n\t\t\t\t\t<img loading=\"lazy\" decoding=\"async\" width=\"360\" height=\"180\" src=\"https:\/\/kalemdarogluinsaat.com\/wp-content\/uploads\/2018\/04\/ded4733f-43c7-467d-bc22-a500ce611b98-360x180.jpg\" class=\"card-img-top  portfolio-grid__card-img wp-post-image\" alt=\"\" sizes=\"auto, (min-width: 1200px) 250px, (min-width: 992px) 200px, (min-width: 768px) 328px, (min-width: 544px) 240px, calc(100vw - 30px)\" \/>\t\t\t\t\t<div class=\"card-block  portfolio-grid__card-block\">\n\t\t\t\t\t\t\t\t\t\t\t\t<h5 class=\"card-title  portfolio-grid__card-title\">K\u0131z\u0131lar\u0131k 2<\/h5>\n\t\t\t\t\t\t\t\t\t\t\t\t\t\t\t\t\t<\/div>\n\t\t\t\t<\/a>\n\t\t\t<\/div>\n\t\t\t<\/div><div class=\"row\">\t\t\t<div class=\"col-xs-12  col-sm-6  col-lg-3  js-wpg-item\" data-categories=\"\">\n\t\t\t\t<a class=\"card  portfolio-grid__card  js-wpg-card\" href=\"https:\/\/kalemdarogluinsaat.com\/?portfolio=diker-port-residence\">\n\t\t\t\t\t<img loading=\"lazy\" decoding=\"async\" width=\"360\" height=\"180\" src=\"https:\/\/kalemdarogluinsaat.com\/wp-content\/uploads\/2022\/10\/dikerport-45-360x180.jpg\" class=\"card-img-top  portfolio-grid__card-img wp-post-image\" alt=\"\" sizes=\"auto, (min-width: 1200px) 250px, (min-width: 992px) 200px, (min-width: 768px) 328px, (min-width: 544px) 240px, calc(100vw - 30px)\" \/>\t\t\t\t\t<div class=\"card-block  portfolio-grid__card-block\">\n\t\t\t\t\t\t\t\t\t\t\t\t<h5 class=\"card-title  portfolio-grid__card-title\">Diker Port Residence<\/h5>\n\t\t\t\t\t\t\t\t\t\t\t\t\t\t\t\t\t<\/div>\n\t\t\t\t<\/a>\n\t\t\t<\/div>\n\t\t\t\t\t\t<div class=\"col-xs-12  col-sm-6  col-lg-3  js-wpg-item\" data-categories=\"\">\n\t\t\t\t<a class=\"card  portfolio-grid__card  js-wpg-card\" href=\"https:\/\/kalemdarogluinsaat.com\/?portfolio=nora-life\">\n\t\t\t\t\t<img loading=\"lazy\" decoding=\"async\" width=\"360\" height=\"180\" src=\"https:\/\/kalemdarogluinsaat.com\/wp-content\/uploads\/2022\/10\/nova-16-360x180.jpg\" class=\"card-img-top  portfolio-grid__card-img wp-post-image\" alt=\"\" sizes=\"auto, (min-width: 1200px) 250px, (min-width: 992px) 200px, (min-width: 768px) 328px, (min-width: 544px) 240px, calc(100vw - 30px)\" \/>\t\t\t\t\t<div class=\"card-block  portfolio-grid__card-block\">\n\t\t\t\t\t\t\t\t\t\t\t\t<h5 class=\"card-title  portfolio-grid__card-title\">Nora Life<\/h5>\n\t\t\t\t\t\t\t\t\t\t\t\t\t\t\t\t\t<\/div>\n\t\t\t\t<\/a>\n\t\t\t<\/div>\n\t\t\t\t\t\t<div class=\"col-xs-12  col-sm-6  col-lg-3  js-wpg-item\" data-categories=\"bitmis-projeler,devam-eden-projeler\">\n\t\t\t\t<a class=\"card  portfolio-grid__card  js-wpg-card\" href=\"https:\/\/kalemdarogluinsaat.com\/?portfolio=erciyes-konagi\">\n\t\t\t\t\t<img loading=\"lazy\" decoding=\"async\" width=\"360\" height=\"180\" src=\"https:\/\/kalemdarogluinsaat.com\/wp-content\/uploads\/2024\/01\/Screenshot_20240130-1031232-360x180.png\" class=\"card-img-top  portfolio-grid__card-img wp-post-image\" alt=\"\" sizes=\"auto, (min-width: 1200px) 250px, (min-width: 992px) 200px, (min-width: 768px) 328px, (min-width: 544px) 240px, calc(100vw - 30px)\" \/>\t\t\t\t\t<div class=\"card-block  portfolio-grid__card-block\">\n\t\t\t\t\t\t\t\t\t\t\t\t<h5 class=\"card-title  portfolio-grid__card-title\">Erciyes Kona\u011f\u0131<\/h5>\n\t\t\t\t\t\t\t\t\t\t\t\t\t\t\t\t\t<\/div>\n\t\t\t\t<\/a>\n\t\t\t<\/div>\n\t\t\t\t\t\t<div class=\"col-xs-12  col-sm-6  col-lg-3  js-wpg-item\" data-categories=\"bitmis-projeler,devam-eden-projeler\">\n\t\t\t\t<a class=\"card  portfolio-grid__card  js-wpg-card\" href=\"https:\/\/kalemdarogluinsaat.com\/?portfolio=the-vista-home\">\n\t\t\t\t\t<img loading=\"lazy\" decoding=\"async\" width=\"360\" height=\"180\" src=\"https:\/\/kalemdarogluinsaat.com\/wp-content\/uploads\/2024\/02\/vista-27-360x180.png\" class=\"card-img-top  portfolio-grid__card-img wp-post-image\" alt=\"\" sizes=\"auto, (min-width: 1200px) 250px, (min-width: 992px) 200px, (min-width: 768px) 328px, (min-width: 544px) 240px, calc(100vw - 30px)\" \/>\t\t\t\t\t<div class=\"card-block  portfolio-grid__card-block\">\n\t\t\t\t\t\t\t\t\t\t\t\t<h5 class=\"card-title  portfolio-grid__card-title\">The Vista Home<\/h5>\n\t\t\t\t\t\t\t\t\t\t\t\t\t\t\t\t\t<\/div>\n\t\t\t\t<\/a>\n\t\t\t<\/div>\n\t\t\t\t\t\t\t\t\t\t<\/div>\n\t\t\t\t\t\t<\/div>\n\t\t\t\t\t<\/div>\n\t\t\t\t\t<\/div><\/div><\/div><\/div>","protected":false},"excerpt":{"rendered":"","protected":false},"author":1,"featured_media":0,"parent":0,"menu_order":0,"comment_status":"closed","ping_status":"closed","template":"","meta":{"footnotes":""},"class_list":["post-27","page","type-page","status-publish","hentry"],"acf":[],"_links":{"self":[{"href":"https:\/\/kalemdarogluinsaat.com\/index.php?rest_route=\/wp\/v2\/pages\/27","targetHints":{"allow":["GET"]}}],"collection":[{"href":"https:\/\/kalemdarogluinsaat.com\/index.php?rest_route=\/wp\/v2\/pages"}],"about":[{"href":"https:\/\/kalemdarogluinsaat.com\/index.php?rest_route=\/wp\/v2\/types\/page"}],"author":[{"embeddable":true,"href":"https:\/\/kalemdarogluinsaat.com\/index.php?rest_route=\/wp\/v2\/users\/1"}],"replies":[{"embeddable":true,"href":"https:\/\/kalemdarogluinsaat.com\/index.php?rest_route=%2Fwp%2Fv2%2Fcomments&post=27"}],"version-history":[{"count":9,"href":"https:\/\/kalemdarogluinsaat.com\/index.php?rest_route=\/wp\/v2\/pages\/27\/revisions"}],"predecessor-version":[{"id":1483,"href":"https:\/\/kalemdarogluinsaat.com\/index.php?rest_route=\/wp\/v2\/pages\/27\/revisions\/1483"}],"wp:attachment":[{"href":"https:\/\/kalemdarogluinsaat.com\/index.php?rest_route=%2Fwp%2Fv2%2Fmedia&parent=27"}],"curies":[{"name":"wp","href":"https:\/\/api.w.org\/{rel}","templated":true}]}}